{"id":4515,"date":"2026-02-03T12:48:40","date_gmt":"2026-02-03T10:48:40","guid":{"rendered":"https:\/\/meddent.md\/?page_id=4515"},"modified":"2026-02-03T12:51:50","modified_gmt":"2026-02-03T10:51:50","slug":"legislatia","status":"publish","type":"page","link":"https:\/\/meddent.md\/ru\/legislatia\/","title":{"rendered":"\u0417\u0430\u043a\u043e\u043d\u043e\u0434\u0430\u0442\u0435\u043b\u044c\u0441\u0442\u0432\u043e"},"content":{"rendered":"<div data-elementor-type=\"wp-page\" data-elementor-id=\"4515\" class=\"elementor elementor-4515\" data-elementor-post-type=\"page\">\n\t\t\t\t<div class=\"elementor-element elementor-element-bc6b634 elementor-hidden-mobile_extra elementor-hidden-mobile e-flex e-con-boxed pxl-column-none pxl-row-scroll-none pxl-zoom-point-false pxl-section-overflow-visible pxl-section-fix-none pxl-full-content-with-space-none pxl-bg-color-none pxl-section-overlay-none e-con e-parent\" data-id=\"bc6b634\" data-element_type=\"container\" data-e-type=\"container\" data-settings=\"{&quot;background_background&quot;:&quot;classic&quot;}\">\t\t\t<div class=\"e-con-inner\">\r\n\t\t\t\t<div class=\"elementor-element elementor-element-4d728e8 liniemijloc elementor-widget elementor-widget-heading\" data-id=\"4d728e8\" data-element_type=\"widget\" data-e-type=\"widget\" data-widget_type=\"heading.default\">\n\t\t\t\t\t<h2 class=\"elementor-heading-title elementor-size-default\">\u0417\u0430\u043a\u043e\u043d\u043e\u0434\u0430\u0442\u0435\u043b\u044c\u0441\u0442\u0432\u043e<\/h2>\t\t\t\t<\/div>\n\t\t\t\t\t<\/div>\r\n\t\t\t\t<\/div>\r\n\t\t<div class=\"elementor-element elementor-element-8ca1a6e elementor-hidden-desktop elementor-hidden-laptop elementor-hidden-tablet_extra elementor-hidden-tablet e-flex e-con-boxed pxl-column-none pxl-row-scroll-none pxl-zoom-point-false pxl-section-overflow-visible pxl-section-fix-none pxl-full-content-with-space-none pxl-bg-color-none pxl-section-overlay-none e-con e-parent\" data-id=\"8ca1a6e\" data-element_type=\"container\" data-e-type=\"container\" data-settings=\"{&quot;background_background&quot;:&quot;classic&quot;}\">\t\t\t<div class=\"e-con-inner\">\r\n\t\t\t\t<div class=\"elementor-element elementor-element-243e834 liniemijloc elementor-widget elementor-widget-heading\" data-id=\"243e834\" data-element_type=\"widget\" data-e-type=\"widget\" data-widget_type=\"heading.default\">\n\t\t\t\t\t<h2 class=\"elementor-heading-title elementor-size-default\">\u0417\u0430\u043a\u043e\u043d\u043e\u0434\u0430\u0442\u0435\u043b\u044c\u0441\u0442\u0432\u043e<\/h2>\t\t\t\t<\/div>\n\t\t\t\t\t<\/div>\r\n\t\t\t\t<\/div>\r\n\t\t<div class=\"elementor-element elementor-element-8883458 e-flex e-con-boxed pxl-column-none pxl-row-scroll-none pxl-zoom-point-false pxl-section-overflow-visible pxl-section-fix-none pxl-full-content-with-space-none pxl-bg-color-none pxl-section-overlay-none e-con e-parent\" data-id=\"8883458\" data-element_type=\"container\" data-e-type=\"container\">\t\t\t<div class=\"e-con-inner\">\r\n\t\t\t\t<div class=\"elementor-element elementor-element-736cc8b elementor-widget elementor-widget-text-editor\" data-id=\"736cc8b\" data-element_type=\"widget\" data-e-type=\"widget\" data-widget_type=\"text-editor.default\">\n\t\t\t\t\t\t\t\t\t<ul><li><span style=\"font-weight: 400;\">Declara\u021bia Universal\u0103 a Drepturilor Omului nr. 12 din 10.12.1948,<\/span><a href=\"https:\/\/www.legis.md\/cautare\/getResults?doc_id=115540&amp;lang=ro\"> <span style=\"font-weight: 400;\">DUMAE12\/1948<\/span><\/a><\/li><li><span style=\"font-weight: 400;\">Legea ocrotirii s\u0103n\u0103t\u0103\u021bii nr. 411 din 28.03.1995,<\/span><a href=\"https:\/\/www.legis.md\/cautare\/getResults?doc_id=151100&amp;lang=ro\"> <span style=\"font-weight: 400;\">LP411\/1995<\/span><\/a><\/li><li><span style=\"font-weight: 400;\">Legea cu privire la drepturile \u0219i responsabilit\u0103\u021bile pacientului nr. 263 din 27.10.2005,<\/span><a href=\"https:\/\/www.legis.md\/cautare\/getResults?doc_id=140341&amp;lang=ro\"> <span style=\"font-weight: 400;\">LP263\/2005<\/span><\/a><\/li><li><span style=\"font-weight: 400;\">Legea cu privire la exercitarea profesiunii de medic nr. 264 din 27.10.2005,<\/span><a href=\"https:\/\/www.legis.md\/cautare\/getResults?doc_id=150513&amp;lang=ro\"> <span style=\"font-weight: 400;\">LP264\/2005<\/span><\/a><\/li><\/ul>\t\t\t\t\t\t\t\t<\/div>\n\t\t\t\t\t<\/div>\r\n\t\t\t\t<\/div>\r\n\t\t<div class=\"elementor-element elementor-element-45ee2c7e elementor-hidden-mobile_extra elementor-hidden-mobile e-flex e-con-boxed pxl-column-none pxl-row-scroll-none pxl-zoom-point-false pxl-section-overflow-visible pxl-section-fix-none pxl-full-content-with-space-none pxl-bg-color-none pxl-section-overlay-none e-con e-parent\" data-id=\"45ee2c7e\" data-element_type=\"container\" data-e-type=\"container\">\t\t\t<div class=\"e-con-inner\">\r\n\t\t<div class=\"elementor-element elementor-element-326ac00b e-con-full e-flex pxl-column-none pxl-row-scroll-none pxl-zoom-point-false pxl-section-overflow-visible pxl-section-fix-none pxl-full-content-with-space-none pxl-bg-color-none pxl-section-overlay-none e-con e-child\" data-id=\"326ac00b\" data-element_type=\"container\" data-e-type=\"container\" data-settings=\"{&quot;background_background&quot;:&quot;classic&quot;}\">\t\t<div class=\"elementor-element elementor-element-b9d0da7 elementor-widget elementor-widget-spacer\" data-id=\"b9d0da7\" data-element_type=\"widget\" data-e-type=\"widget\" data-widget_type=\"spacer.default\">\n\t\t\t\t\t\t\t<div class=\"elementor-spacer\">\n\t\t\t<div class=\"elementor-spacer-inner\"><\/div>\n\t\t<\/div>\n\t\t\t\t\t\t<\/div>\n\t\t\t\t<div class=\"elementor-element elementor-element-6ca30214 elementor-widget elementor-widget-pxl_heading\" data-id=\"6ca30214\" data-element_type=\"widget\" data-e-type=\"widget\" data-widget_type=\"pxl_heading.default\">\n\t\t\t\t<div class=\"elementor-widget-container\">\n\t\t\t\t\t<div id=\"pxl-pxl_heading-6ca30214-4526\" class=\"pxl-heading px-sub-title-default-style\">\n\t<div class=\"pxl-heading--inner\">\n\t\t\n\t\t\n\t\t<h2 class=\"pxl-item--title wow fadeInUp\" data-wow-delay=\"400ms\">\n\t\t\t\u0417\u0430\u043f\u0438\u0441\u0430\u0442\u044c\u0441\u044f\t\t\n\t\t<\/h2>\n\n\t\t\t\t\n\t<\/div>\n<\/div>\t\t\t\t<\/div>\n\t\t\t\t<\/div>\n\t\t\t\t<div class=\"elementor-element elementor-element-12a2373f elementor-widget elementor-widget-html\" data-id=\"12a2373f\" data-element_type=\"widget\" data-e-type=\"widget\" data-widget_type=\"html.default\">\n\t\t\t\t\t <a href=\"tel: 37379210407\" class=\"visit-item visit-link\">\n    <span class=\"visit-icon\">\n      <img decoding=\"async\" src=\"https:\/\/meddent.md\/wp-content\/uploads\/2026\/01\/phone-icon.svg\" alt=\"Telefon\">\n    <\/span>\n    <div class=\"visit-contxqent\">\n      <div class=\"visit-label\">\u0422\u0435\u043b\u0435\u0444\u043e\u043d:<\/div>\n      <div class=\"visit-value\">+373 79 210 407<br>+373 22 210 407<\/div>\n    <\/div>\n  <\/a>\n\n  <a href=\"mailto:meddent.office@gmail.com\" class=\"visit-item visit-link\">\n    <span class=\"visit-icon\">\n      <img decoding=\"async\" src=\"https:\/\/meddent.md\/wp-content\/uploads\/2026\/01\/email-icon.svg\" alt=\"Email\">\n    <\/span>\n    <div class=\"visit-content\">\n      <div class=\"visit-label\">\u042d\u043b\u0435\u043a\u0442\u0440\u043e\u043d\u043d\u0430\u044f \u043f\u043e\u0447\u0442\u0430:<\/div>\n      <div class=\"visit-value\">meddent.office@gmail.com<\/div>\n    <\/div>\n  <\/a>\n\n  <div class=\"visit-item\">\n    <span class=\"visit-icon\">\n      <img decoding=\"async\" src=\"https:\/\/meddent.md\/wp-content\/uploads\/2026\/01\/adresa-icon.svg\" alt=\"Adres\u0103\">\n    <\/span>\n    <div class=\"visit-content\">\n      <div class=\"visit-label\">\u0410\u0434\u0440\u0435\u0441 \u043a\u043b\u0438\u043d\u0438\u043a\u0438:<\/div>\n      <div class=\"visit-value\">\u0433.\u041a\u0438\u0448\u0438\u043d\u0435\u0432, \u0422\u043e\u043c\u0430 \u0427\u043e\u0440\u0431\u0430 9, \u043e\u0444\u0438\u0441 1<\/div>\n    <\/div>\n  <\/div>\n\n  <div class=\"visit-item\">\n    <span class=\"visit-icon\">\n      <img decoding=\"async\" src=\"https:\/\/meddent.md\/wp-content\/uploads\/2026\/01\/program-de-lucru-icon.svg\" alt=\"Program\">\n    <\/span>\n    <div class=\"visit-content\">\n      <div class=\"visit-label\">\u0413\u0440\u0430\u0444\u0438\u043a \u0440\u0430\u0431\u043e\u0442\u044b:<\/div>\n      <div class=\"visit-value\">\u041f\u043d\u2013\u041f\u0442: 09:00\u201318:00<\/div>\n    <\/div>\n  <\/div>\n\t\t\t\t<\/div>\n\t\t\t\t<\/div>\r\n\t\t<div class=\"elementor-element elementor-element-584bb71d e-con-full map e-flex pxl-column-none pxl-row-scroll-none pxl-zoom-point-false pxl-section-overflow-visible pxl-section-fix-none pxl-full-content-with-space-none pxl-bg-color-none pxl-section-overlay-none e-con e-child\" data-id=\"584bb71d\" data-element_type=\"container\" data-e-type=\"container\">\t\t<div class=\"elementor-element elementor-element-1acbbc8c map elementor-widget elementor-widget-html\" data-id=\"1acbbc8c\" data-element_type=\"widget\" data-e-type=\"widget\" data-widget_type=\"html.default\">\n\t\t\t\t\t<div class=\"map-wrap\">\n  <iframe src=\"https:\/\/www.google.com\/maps\/embed?pb=!1m18!1m12!1m3!1d2719.474998271105!2d28.81651937690954!3d47.03090937114277!2m3!1f0!2f0!3f0!3m2!1i1024!2i768!4f13.1!3m3!1m2!1s0x40c97d08505402eb%3A0x6d8b10a331e089ae!2sMeddent%20dental%20clinic!5e0!3m2!1sro!2s!4v1768988284380!5m2!1sro!2s\" width=\"450\" height=\"500\" style=\"border:0;\" allowfullscreen=\"\" loading=\"lazy\" referrerpolicy=\"no-referrer-when-downgrade\"><\/iframe>\n<\/div>\t\t\t\t<\/div>\n\t\t\t\t<\/div>\r\n\t\t\t\t\t<\/div>\r\n\t\t\t\t<\/div>\r\n\t\t<div class=\"elementor-element elementor-element-5b7610b8 elementor-hidden-desktop elementor-hidden-laptop elementor-hidden-tablet_extra elementor-hidden-tablet e-flex e-con-boxed pxl-column-none pxl-row-scroll-none pxl-zoom-point-false pxl-section-overflow-visible pxl-section-fix-none pxl-full-content-with-space-none pxl-bg-color-none pxl-section-overlay-none e-con e-parent\" data-id=\"5b7610b8\" data-element_type=\"container\" data-e-type=\"container\">\t\t\t<div class=\"e-con-inner\">\r\n\t\t<div class=\"elementor-element elementor-element-4e5cb417 e-con-full e-flex pxl-column-none pxl-row-scroll-none pxl-zoom-point-false pxl-section-overflow-visible pxl-section-fix-none pxl-full-content-with-space-none pxl-bg-color-none pxl-section-overlay-none e-con e-child\" data-id=\"4e5cb417\" data-element_type=\"container\" data-e-type=\"container\" data-settings=\"{&quot;background_background&quot;:&quot;classic&quot;}\">\t\t<div class=\"elementor-element elementor-element-267ec9f4 elementor-widget elementor-widget-spacer\" data-id=\"267ec9f4\" data-element_type=\"widget\" data-e-type=\"widget\" data-widget_type=\"spacer.default\">\n\t\t\t\t\t\t\t<div class=\"elementor-spacer\">\n\t\t\t<div class=\"elementor-spacer-inner\"><\/div>\n\t\t<\/div>\n\t\t\t\t\t\t<\/div>\n\t\t\t\t<div class=\"elementor-element elementor-element-50d262cc elementor-widget elementor-widget-pxl_heading\" data-id=\"50d262cc\" data-element_type=\"widget\" data-e-type=\"widget\" data-widget_type=\"pxl_heading.default\">\n\t\t\t\t<div class=\"elementor-widget-container\">\n\t\t\t\t\t<div id=\"pxl-pxl_heading-50d262cc-5055\" class=\"pxl-heading px-sub-title-default-style\">\n\t<div class=\"pxl-heading--inner\">\n\t\t\n\t\t\n\t\t<h2 class=\"pxl-item--title wow fadeInUp\" data-wow-delay=\"400ms\">\n\t\t\t\u0417\u0430\u043f\u0438\u0441\u0430\u0442\u044c\u0441\u044f\t\t\n\t\t<\/h2>\n\n\t\t\t\t\n\t<\/div>\n<\/div>\t\t\t\t<\/div>\n\t\t\t\t<\/div>\n\t\t\t\t<div class=\"elementor-element elementor-element-392bc889 elementor-widget elementor-widget-html\" data-id=\"392bc889\" data-element_type=\"widget\" data-e-type=\"widget\" data-widget_type=\"html.default\">\n\t\t\t\t\t <a href=\"tel: 37379210407\" class=\"visit-item visit-link\">\n    <span class=\"visit-icon\">\n      <img decoding=\"async\" src=\"https:\/\/meddent.md\/wp-content\/uploads\/2026\/01\/phone-icon.svg\" alt=\"Telefon\">\n    <\/span>\n    <div class=\"visit-contxqent\">\n      <div class=\"visit-label\">\u0422\u0435\u043b\u0435\u0444\u043e\u043d:<\/div>\n      <div class=\"visit-value\">+373 79 210 407<br>+373 22 210 407<\/div>\n    <\/div>\n  <\/a>\n\n  <a href=\"mailto:meddent.office@gmail.com\" class=\"visit-item visit-link\">\n    <span class=\"visit-icon\">\n      <img decoding=\"async\" src=\"https:\/\/meddent.md\/wp-content\/uploads\/2026\/01\/email-icon.svg\" alt=\"Email\">\n    <\/span>\n    <div class=\"visit-content\">\n      <div class=\"visit-label\">\u042d\u043b\u0435\u043a\u0442\u0440\u043e\u043d\u043d\u0430\u044f \u043f\u043e\u0447\u0442\u0430:<\/div>\n      <div class=\"visit-value\">meddent.office@gmail.com<\/div>\n    <\/div>\n  <\/a>\n\n  <div class=\"visit-item\">\n    <span class=\"visit-icon\">\n      <img decoding=\"async\" src=\"https:\/\/meddent.md\/wp-content\/uploads\/2026\/01\/adresa-icon.svg\" alt=\"Adres\u0103\">\n    <\/span>\n    <div class=\"visit-content\">\n      <div class=\"visit-label\">\u0410\u0434\u0440\u0435\u0441 \u043a\u043b\u0438\u043d\u0438\u043a\u0438:<\/div>\n      <div class=\"visit-value\">\u0433.\u041a\u0438\u0448\u0438\u043d\u0435\u0432, \u0422\u043e\u043c\u0430 \u0427\u043e\u0440\u0431\u0430 9, \u043e\u0444\u0438\u0441 1<\/div>\n    <\/div>\n  <\/div>\n\n  <div class=\"visit-item\">\n    <span class=\"visit-icon\">\n      <img decoding=\"async\" src=\"https:\/\/meddent.md\/wp-content\/uploads\/2026\/01\/program-de-lucru-icon.svg\" alt=\"Program\">\n    <\/span>\n    <div class=\"visit-content\">\n      <div class=\"visit-label\">\u0413\u0440\u0430\u0444\u0438\u043a \u0440\u0430\u0431\u043e\u0442\u044b:<\/div>\n      <div class=\"visit-value\">\u041f\u043d\u2013\u041f\u0442: 09:00\u201318:00<\/div>\n    <\/div>\n  <\/div>\n\t\t\t\t<\/div>\n\t\t\t\t<\/div>\r\n\t\t<div class=\"elementor-element elementor-element-4e3ef6b3 e-con-full map e-flex pxl-column-none pxl-row-scroll-none pxl-zoom-point-false pxl-section-overflow-visible pxl-section-fix-none pxl-full-content-with-space-none pxl-bg-color-none pxl-section-overlay-none e-con e-child\" data-id=\"4e3ef6b3\" data-element_type=\"container\" data-e-type=\"container\">\t\t<div class=\"elementor-element elementor-element-5a3102e6 map elementor-widget elementor-widget-html\" data-id=\"5a3102e6\" data-element_type=\"widget\" data-e-type=\"widget\" data-widget_type=\"html.default\">\n\t\t\t\t\t<div class=\"map-wrap\">\n  <iframe src=\"https:\/\/www.google.com\/maps\/embed?pb=!1m18!1m12!1m3!1d2719.474998271105!2d28.81651937690954!3d47.03090937114277!2m3!1f0!2f0!3f0!3m2!1i1024!2i768!4f13.1!3m3!1m2!1s0x40c97d08505402eb%3A0x6d8b10a331e089ae!2sMeddent%20dental%20clinic!5e0!3m2!1sro!2s!4v1768988284380!5m2!1sro!2s\" width=\"200\" height=\"200\" style=\"border:0;\" allowfullscreen=\"\" loading=\"lazy\" referrerpolicy=\"no-referrer-when-downgrade\"><\/iframe>\n<\/div>\t\t\t\t<\/div>\n\t\t\t\t<\/div>\r\n\t\t\t\t\t<\/div>\r\n\t\t\t\t<\/div>\r\n\t\t\t\t<\/div>","protected":false},"excerpt":{"rendered":"<p>Legisla\u021bia Legisla\u021bia Declara\u021bia Universal\u0103 a Drepturilor Omului nr. 12 din 10.12.1948, DUMAE12\/1948 Legea ocrotirii s\u0103n\u0103t\u0103\u021bii nr. 411 din 28.03.1995, LP411\/1995 Legea cu privire la drepturile \u0219i responsabilit\u0103\u021bile pacientului nr. 263 din 27.10.2005, LP263\/2005 Legea cu privire la exercitarea profesiunii de medic nr. 264 din 27.10.2005, LP264\/2005 Programeaz\u0103 o vizit\u0103 Telefon: +373 79 210 407+373 22 [&hellip;]<\/p>","protected":false},"author":1,"featured_media":0,"parent":0,"menu_order":0,"comment_status":"closed","ping_status":"closed","template":"","meta":{"footnotes":""},"class_list":["post-4515","page","type-page","status-publish","hentry"],"_links":{"self":[{"href":"https:\/\/meddent.md\/ru\/wp-json\/wp\/v2\/pages\/4515","targetHints":{"allow":["GET"]}}],"collection":[{"href":"https:\/\/meddent.md\/ru\/wp-json\/wp\/v2\/pages"}],"about":[{"href":"https:\/\/meddent.md\/ru\/wp-json\/wp\/v2\/types\/page"}],"author":[{"embeddable":true,"href":"https:\/\/meddent.md\/ru\/wp-json\/wp\/v2\/users\/1"}],"replies":[{"embeddable":true,"href":"https:\/\/meddent.md\/ru\/wp-json\/wp\/v2\/comments?post=4515"}],"version-history":[{"count":7,"href":"https:\/\/meddent.md\/ru\/wp-json\/wp\/v2\/pages\/4515\/revisions"}],"predecessor-version":[{"id":4523,"href":"https:\/\/meddent.md\/ru\/wp-json\/wp\/v2\/pages\/4515\/revisions\/4523"}],"wp:attachment":[{"href":"https:\/\/meddent.md\/ru\/wp-json\/wp\/v2\/media?parent=4515"}],"curies":[{"name":"wp","href":"https:\/\/api.w.org\/{rel}","templated":true}]}}